{"id":54,"date":"2018-03-27T13:38:16","date_gmt":"2018-03-27T11:38:16","guid":{"rendered":"http:\/\/www.mo-bee.de\/?page_id=54"},"modified":"2026-03-16T08:59:58","modified_gmt":"2026-03-16T07:59:58","slug":"mobee-fit","status":"publish","type":"page","link":"https:\/\/www.mobee.de\/de\/produkte\/mobee-fit\/","title":{"rendered":"mobee fit"},"content":{"rendered":"","protected":false},"excerpt":{"rendered":"","protected":false},"author":1,"featured_media":0,"parent":50,"menu_order":0,"comment_status":"closed","ping_status":"closed","template":"","meta":{"_acf_changed":false,"footnotes":""},"class_list":["post-54","page","type-page","status-publish","hentry"],"acf":[],"yoast_head":"<!-- This site is optimized with the Yoast SEO Premium plugin v27.1 (Yoast SEO v27.3) - https:\/\/yoast.com\/product\/yoast-seo-premium-wordpress\/ -->\n<title>Mobility Screening und Beweglichkeitsanalyse mit mobee\u00ae fit<\/title>\n<meta name=\"description\" content=\"Beweglichkeitsanalyse zur Erkennung von Defiziten und Asymmetrien. mobee\u00ae fit erm\u00f6glicht Mobility Tests f\u00fcr Training und Pr\u00e4vention.\" \/>\n<meta name=\"robots\" content=\"index, follow, max-snippet:-1, max-image-preview:large, max-video-preview:-1\" \/>\n<link rel=\"canonical\" href=\"https:\/\/www.mobee.de\/de\/produkte\/mobee-fit\/\" \/>\n<meta property=\"og:locale\" content=\"de_DE\" \/>\n<meta property=\"og:type\" content=\"article\" \/>\n<meta property=\"og:title\" content=\"mobee fit\" \/>\n<meta property=\"og:description\" content=\"Beweglichkeitsanalyse zur Erkennung von Defiziten und Asymmetrien. mobee\u00ae fit erm\u00f6glicht Mobility Tests f\u00fcr Training und Pr\u00e4vention.\" \/>\n<meta property=\"og:url\" content=\"https:\/\/www.mobee.de\/de\/produkte\/mobee-fit\/\" \/>\n<meta property=\"og:site_name\" content=\"mobee\u00ae 360\" \/>\n<meta property=\"article:publisher\" content=\"https:\/\/www.facebook.com\/mobee360\/\" \/>\n<meta property=\"article:modified_time\" content=\"2026-03-16T07:59:58+00:00\" \/>\n<meta property=\"og:image\" content=\"https:\/\/www.mobee.de\/wp-content\/uploads\/P-E-HiRes-1384_mobee-fit_1766x1179_klein.jpg\" \/>\n\t<meta property=\"og:image:width\" content=\"1766\" \/>\n\t<meta property=\"og:image:height\" content=\"1179\" \/>\n\t<meta property=\"og:image:type\" content=\"image\/jpeg\" \/>\n<meta name=\"twitter:card\" content=\"summary_large_image\" \/>\n<meta name=\"twitter:label1\" content=\"Gesch\u00e4tzte Lesezeit\" \/>\n\t<meta name=\"twitter:data1\" content=\"5\u00a0Minuten\" \/>\n<script type=\"application\/ld+json\" class=\"yoast-schema-graph\">{\"@context\":\"https:\\\/\\\/schema.org\",\"@graph\":[{\"@type\":\"WebPage\",\"@id\":\"https:\\\/\\\/www.mobee.de\\\/produkte\\\/mobee-fit\\\/\",\"url\":\"https:\\\/\\\/www.mobee.de\\\/produkte\\\/mobee-fit\\\/\",\"name\":\"Mobility Screening und Beweglichkeitsanalyse mit mobee\u00ae fit\",\"isPartOf\":{\"@id\":\"https:\\\/\\\/www.mobee.de\\\/#website\"},\"datePublished\":\"2018-03-27T11:38:16+00:00\",\"dateModified\":\"2026-03-16T07:59:58+00:00\",\"description\":\"Beweglichkeitsanalyse zur Erkennung von Defiziten und Asymmetrien. mobee\u00ae fit erm\u00f6glicht Mobility Tests f\u00fcr Training und Pr\u00e4vention.\",\"breadcrumb\":{\"@id\":\"https:\\\/\\\/www.mobee.de\\\/produkte\\\/mobee-fit\\\/#breadcrumb\"},\"inLanguage\":\"de\",\"potentialAction\":[{\"@type\":\"ReadAction\",\"target\":[\"https:\\\/\\\/www.mobee.de\\\/produkte\\\/mobee-fit\\\/\"]}]},{\"@type\":\"BreadcrumbList\",\"@id\":\"https:\\\/\\\/www.mobee.de\\\/produkte\\\/mobee-fit\\\/#breadcrumb\",\"itemListElement\":[{\"@type\":\"ListItem\",\"position\":1,\"name\":\"Startseite\",\"item\":\"https:\\\/\\\/www.mobee.de\\\/\"},{\"@type\":\"ListItem\",\"position\":2,\"name\":\"Produkte\",\"item\":\"https:\\\/\\\/www.mobee.de\\\/?page_id=50\"},{\"@type\":\"ListItem\",\"position\":3,\"name\":\"mobee fit\"}]},{\"@type\":\"WebSite\",\"@id\":\"https:\\\/\\\/www.mobee.de\\\/#website\",\"url\":\"https:\\\/\\\/www.mobee.de\\\/\",\"name\":\"mobee\u00ae 360 - Smart Data for Health\",\"description\":\"smarte Screenings f\u00fcr nachhaltige Gesundheit\",\"publisher\":{\"@id\":\"https:\\\/\\\/www.mobee.de\\\/#organization\"},\"potentialAction\":[{\"@type\":\"SearchAction\",\"target\":{\"@type\":\"EntryPoint\",\"urlTemplate\":\"https:\\\/\\\/www.mobee.de\\\/?s={search_term_string}\"},\"query-input\":{\"@type\":\"PropertyValueSpecification\",\"valueRequired\":true,\"valueName\":\"search_term_string\"}}],\"inLanguage\":\"de\"},{\"@type\":\"Organization\",\"@id\":\"https:\\\/\\\/www.mobee.de\\\/#organization\",\"name\":\"SportMed S.A.\",\"alternateName\":\"SportMed SA\",\"url\":\"https:\\\/\\\/www.mobee.de\\\/\",\"logo\":{\"@type\":\"ImageObject\",\"inLanguage\":\"de\",\"@id\":\"https:\\\/\\\/www.mobee.de\\\/#\\\/schema\\\/logo\\\/image\\\/\",\"url\":\"https:\\\/\\\/www.mobee.de\\\/wp-content\\\/uploads\\\/mobee360_2022_weiss_HG_quadratisch.png\",\"contentUrl\":\"https:\\\/\\\/www.mobee.de\\\/wp-content\\\/uploads\\\/mobee360_2022_weiss_HG_quadratisch.png\",\"width\":1182,\"height\":1182,\"caption\":\"SportMed S.A.\"},\"image\":{\"@id\":\"https:\\\/\\\/www.mobee.de\\\/#\\\/schema\\\/logo\\\/image\\\/\"},\"sameAs\":[\"https:\\\/\\\/www.facebook.com\\\/mobee360\\\/\",\"https:\\\/\\\/www.instagram.com\\\/mobee_360\\\/\",\"https:\\\/\\\/www.linkedin.com\\\/company\\\/mobee360\\\/\",\"https:\\\/\\\/www.youtube.com\\\/channel\\\/UCCo4KbDKNvAY7GurF6k4JQQ\"]}]}<\/script>\n<!-- \/ Yoast SEO Premium plugin. -->","yoast_head_json":{"title":"Mobility Screening und Beweglichkeitsanalyse mit mobee\u00ae fit","description":"Beweglichkeitsanalyse zur Erkennung von Defiziten und Asymmetrien. mobee\u00ae fit erm\u00f6glicht Mobility Tests f\u00fcr Training und Pr\u00e4vention.","robots":{"index":"index","follow":"follow","max-snippet":"max-snippet:-1","max-image-preview":"max-image-preview:large","max-video-preview":"max-video-preview:-1"},"canonical":"https:\/\/www.mobee.de\/de\/produkte\/mobee-fit\/","og_locale":"de_DE","og_type":"article","og_title":"mobee fit","og_description":"Beweglichkeitsanalyse zur Erkennung von Defiziten und Asymmetrien. mobee\u00ae fit erm\u00f6glicht Mobility Tests f\u00fcr Training und Pr\u00e4vention.","og_url":"https:\/\/www.mobee.de\/de\/produkte\/mobee-fit\/","og_site_name":"mobee\u00ae 360","article_publisher":"https:\/\/www.facebook.com\/mobee360\/","article_modified_time":"2026-03-16T07:59:58+00:00","og_image":[{"width":1766,"height":1179,"url":"https:\/\/www.mobee.de\/wp-content\/uploads\/P-E-HiRes-1384_mobee-fit_1766x1179_klein.jpg","type":"image\/jpeg"}],"twitter_card":"summary_large_image","twitter_misc":{"Gesch\u00e4tzte Lesezeit":"5\u00a0Minuten"},"schema":{"@context":"https:\/\/schema.org","@graph":[{"@type":"WebPage","@id":"https:\/\/www.mobee.de\/produkte\/mobee-fit\/","url":"https:\/\/www.mobee.de\/produkte\/mobee-fit\/","name":"Mobility Screening und Beweglichkeitsanalyse mit mobee\u00ae fit","isPartOf":{"@id":"https:\/\/www.mobee.de\/#website"},"datePublished":"2018-03-27T11:38:16+00:00","dateModified":"2026-03-16T07:59:58+00:00","description":"Beweglichkeitsanalyse zur Erkennung von Defiziten und Asymmetrien. mobee\u00ae fit erm\u00f6glicht Mobility Tests f\u00fcr Training und Pr\u00e4vention.","breadcrumb":{"@id":"https:\/\/www.mobee.de\/produkte\/mobee-fit\/#breadcrumb"},"inLanguage":"de","potentialAction":[{"@type":"ReadAction","target":["https:\/\/www.mobee.de\/produkte\/mobee-fit\/"]}]},{"@type":"BreadcrumbList","@id":"https:\/\/www.mobee.de\/produkte\/mobee-fit\/#breadcrumb","itemListElement":[{"@type":"ListItem","position":1,"name":"Startseite","item":"https:\/\/www.mobee.de\/"},{"@type":"ListItem","position":2,"name":"Produkte","item":"https:\/\/www.mobee.de\/?page_id=50"},{"@type":"ListItem","position":3,"name":"mobee fit"}]},{"@type":"WebSite","@id":"https:\/\/www.mobee.de\/#website","url":"https:\/\/www.mobee.de\/","name":"mobee\u00ae 360 - Smart Data for Health","description":"smarte Screenings f\u00fcr nachhaltige Gesundheit","publisher":{"@id":"https:\/\/www.mobee.de\/#organization"},"potentialAction":[{"@type":"SearchAction","target":{"@type":"EntryPoint","urlTemplate":"https:\/\/www.mobee.de\/?s={search_term_string}"},"query-input":{"@type":"PropertyValueSpecification","valueRequired":true,"valueName":"search_term_string"}}],"inLanguage":"de"},{"@type":"Organization","@id":"https:\/\/www.mobee.de\/#organization","name":"SportMed S.A.","alternateName":"SportMed SA","url":"https:\/\/www.mobee.de\/","logo":{"@type":"ImageObject","inLanguage":"de","@id":"https:\/\/www.mobee.de\/#\/schema\/logo\/image\/","url":"https:\/\/www.mobee.de\/wp-content\/uploads\/mobee360_2022_weiss_HG_quadratisch.png","contentUrl":"https:\/\/www.mobee.de\/wp-content\/uploads\/mobee360_2022_weiss_HG_quadratisch.png","width":1182,"height":1182,"caption":"SportMed S.A."},"image":{"@id":"https:\/\/www.mobee.de\/#\/schema\/logo\/image\/"},"sameAs":["https:\/\/www.facebook.com\/mobee360\/","https:\/\/www.instagram.com\/mobee_360\/","https:\/\/www.linkedin.com\/company\/mobee360\/","https:\/\/www.youtube.com\/channel\/UCCo4KbDKNvAY7GurF6k4JQQ"]}]}},"_links":{"self":[{"href":"https:\/\/www.mobee.de\/de\/wp-json\/wp\/v2\/pages\/54","targetHints":{"allow":["GET"]}}],"collection":[{"href":"https:\/\/www.mobee.de\/de\/wp-json\/wp\/v2\/pages"}],"about":[{"href":"https:\/\/www.mobee.de\/de\/wp-json\/wp\/v2\/types\/page"}],"author":[{"embeddable":true,"href":"https:\/\/www.mobee.de\/de\/wp-json\/wp\/v2\/users\/1"}],"replies":[{"embeddable":true,"href":"https:\/\/www.mobee.de\/de\/wp-json\/wp\/v2\/comments?post=54"}],"version-history":[{"count":3,"href":"https:\/\/www.mobee.de\/de\/wp-json\/wp\/v2\/pages\/54\/revisions"}],"predecessor-version":[{"id":11928,"href":"https:\/\/www.mobee.de\/de\/wp-json\/wp\/v2\/pages\/54\/revisions\/11928"}],"up":[{"embeddable":true,"href":"https:\/\/www.mobee.de\/de\/wp-json\/wp\/v2\/pages\/50"}],"wp:attachment":[{"href":"https:\/\/www.mobee.de\/de\/wp-json\/wp\/v2\/media?parent=54"}],"curies":[{"name":"wp","href":"https:\/\/api.w.org\/{rel}","templated":true}]}}