{"id":2625,"date":"2020-10-29T10:15:47","date_gmt":"2020-10-29T09:15:47","guid":{"rendered":"https:\/\/www.mobee.de\/?page_id=2625"},"modified":"2026-02-23T14:48:05","modified_gmt":"2026-02-23T13:48:05","slug":"trainings","status":"publish","type":"page","link":"https:\/\/www.mobee.de\/en\/events\/schulungen\/","title":{"rendered":"Training courses"},"content":{"rendered":"","protected":false},"excerpt":{"rendered":"","protected":false},"author":2,"featured_media":0,"parent":3258,"menu_order":0,"comment_status":"closed","ping_status":"closed","template":"","meta":{"_acf_changed":false,"footnotes":""},"class_list":["post-2625","page","type-page","status-publish","hentry"],"acf":[],"yoast_head":"<!-- This site is optimized with the Yoast SEO Premium plugin v27.1 (Yoast SEO v27.3) - https:\/\/yoast.com\/product\/yoast-seo-premium-wordpress\/ -->\n<title>Schulungen &#8226; mobee\u00ae 360<\/title>\n<meta name=\"description\" content=\"Unseren Anwendern bieten wir zahlreiche Schulungsm\u00f6glichkeiten. Sie werden Schritt f\u00fcr Schritt an das Arbeiten mit mobee 360 herangef\u00fchrt.\" \/>\n<meta name=\"robots\" content=\"index, follow, max-snippet:-1, max-image-preview:large, max-video-preview:-1\" \/>\n<link rel=\"canonical\" href=\"https:\/\/www.mobee.de\/en\/more-info\/trainings\/\" \/>\n<meta property=\"og:locale\" content=\"en_GB\" \/>\n<meta property=\"og:type\" content=\"article\" \/>\n<meta property=\"og:title\" content=\"Schulungen\" \/>\n<meta property=\"og:description\" content=\"Unseren Anwendern bieten wir zahlreiche Schulungsm\u00f6glichkeiten. Sie werden Schritt f\u00fcr Schritt an das Arbeiten mit mobee 360 herangef\u00fchrt.\" \/>\n<meta property=\"og:url\" content=\"https:\/\/www.mobee.de\/en\/more-info\/trainings\/\" \/>\n<meta property=\"og:site_name\" content=\"mobee\u00ae 360\" \/>\n<meta property=\"article:publisher\" content=\"https:\/\/www.facebook.com\/mobee360\/\" \/>\n<meta property=\"article:modified_time\" content=\"2026-02-23T13:48:05+00:00\" \/>\n<meta property=\"og:image\" content=\"https:\/\/www.mobee.de\/wp-content\/uploads\/Landingpage-international-3-1280x960.png\" \/>\n\t<meta property=\"og:image:width\" content=\"1280\" \/>\n\t<meta property=\"og:image:height\" content=\"960\" \/>\n\t<meta property=\"og:image:type\" content=\"image\/png\" \/>\n<meta name=\"twitter:card\" content=\"summary_large_image\" \/>\n<meta name=\"twitter:label1\" content=\"Estimated reading time\" \/>\n\t<meta name=\"twitter:data1\" content=\"3 minutes\" \/>\n<script type=\"application\/ld+json\" class=\"yoast-schema-graph\">{\"@context\":\"https:\\\/\\\/schema.org\",\"@graph\":[{\"@type\":\"WebPage\",\"@id\":\"https:\\\/\\\/www.mobee.de\\\/events\\\/schulungen\\\/\",\"url\":\"https:\\\/\\\/www.mobee.de\\\/mehr-infos\\\/schulungen\\\/\",\"name\":\"Schulungen &#8226; mobee\u00ae 360\",\"isPartOf\":{\"@id\":\"https:\\\/\\\/www.mobee.de\\\/#website\"},\"datePublished\":\"2020-10-29T09:15:47+00:00\",\"dateModified\":\"2026-02-23T13:48:05+00:00\",\"description\":\"Unseren Anwendern bieten wir zahlreiche Schulungsm\u00f6glichkeiten. Sie werden Schritt f\u00fcr Schritt an das Arbeiten mit mobee 360 herangef\u00fchrt.\",\"breadcrumb\":{\"@id\":\"https:\\\/\\\/www.mobee.de\\\/mehr-infos\\\/schulungen\\\/#breadcrumb\"},\"inLanguage\":\"en-GB\",\"potentialAction\":[{\"@type\":\"ReadAction\",\"target\":[\"https:\\\/\\\/www.mobee.de\\\/mehr-infos\\\/schulungen\\\/\"]}]},{\"@type\":\"BreadcrumbList\",\"@id\":\"https:\\\/\\\/www.mobee.de\\\/mehr-infos\\\/schulungen\\\/#breadcrumb\",\"itemListElement\":[{\"@type\":\"ListItem\",\"position\":1,\"name\":\"Startseite\",\"item\":\"https:\\\/\\\/www.mobee.de\\\/\"},{\"@type\":\"ListItem\",\"position\":2,\"name\":\"Events\",\"item\":\"https:\\\/\\\/www.mobee.de\\\/events\\\/\"},{\"@type\":\"ListItem\",\"position\":3,\"name\":\"Schulungen\"}]},{\"@type\":\"WebSite\",\"@id\":\"https:\\\/\\\/www.mobee.de\\\/#website\",\"url\":\"https:\\\/\\\/www.mobee.de\\\/\",\"name\":\"mobee\u00ae 360 - Smart Data for Health\",\"description\":\"smarte Screenings f\u00fcr nachhaltige Gesundheit\",\"publisher\":{\"@id\":\"https:\\\/\\\/www.mobee.de\\\/#organization\"},\"potentialAction\":[{\"@type\":\"SearchAction\",\"target\":{\"@type\":\"EntryPoint\",\"urlTemplate\":\"https:\\\/\\\/www.mobee.de\\\/?s={search_term_string}\"},\"query-input\":{\"@type\":\"PropertyValueSpecification\",\"valueRequired\":true,\"valueName\":\"search_term_string\"}}],\"inLanguage\":\"en-GB\"},{\"@type\":\"Organization\",\"@id\":\"https:\\\/\\\/www.mobee.de\\\/#organization\",\"name\":\"SportMed S.A.\",\"alternateName\":\"SportMed SA\",\"url\":\"https:\\\/\\\/www.mobee.de\\\/\",\"logo\":{\"@type\":\"ImageObject\",\"inLanguage\":\"en-GB\",\"@id\":\"https:\\\/\\\/www.mobee.de\\\/#\\\/schema\\\/logo\\\/image\\\/\",\"url\":\"https:\\\/\\\/www.mobee.de\\\/wp-content\\\/uploads\\\/mobee360_2022_weiss_HG_quadratisch.png\",\"contentUrl\":\"https:\\\/\\\/www.mobee.de\\\/wp-content\\\/uploads\\\/mobee360_2022_weiss_HG_quadratisch.png\",\"width\":1182,\"height\":1182,\"caption\":\"SportMed S.A.\"},\"image\":{\"@id\":\"https:\\\/\\\/www.mobee.de\\\/#\\\/schema\\\/logo\\\/image\\\/\"},\"sameAs\":[\"https:\\\/\\\/www.facebook.com\\\/mobee360\\\/\",\"https:\\\/\\\/www.instagram.com\\\/mobee_360\\\/\",\"https:\\\/\\\/www.linkedin.com\\\/company\\\/mobee360\\\/\",\"https:\\\/\\\/www.youtube.com\\\/channel\\\/UCCo4KbDKNvAY7GurF6k4JQQ\"]}]}<\/script>\n<!-- \/ Yoast SEO Premium plugin. -->","yoast_head_json":{"title":"Training courses - mobee\u00ae 360","description":"We offer our users numerous training opportunities. They are introduced to working with mobee 360 step by step.","robots":{"index":"index","follow":"follow","max-snippet":"max-snippet:-1","max-image-preview":"max-image-preview:large","max-video-preview":"max-video-preview:-1"},"canonical":"https:\/\/www.mobee.de\/en\/more-info\/trainings\/","og_locale":"en_GB","og_type":"article","og_title":"Schulungen","og_description":"Unseren Anwendern bieten wir zahlreiche Schulungsm\u00f6glichkeiten. Sie werden Schritt f\u00fcr Schritt an das Arbeiten mit mobee 360 herangef\u00fchrt.","og_url":"https:\/\/www.mobee.de\/en\/more-info\/trainings\/","og_site_name":"mobee\u00ae 360","article_publisher":"https:\/\/www.facebook.com\/mobee360\/","article_modified_time":"2026-02-23T13:48:05+00:00","og_image":[{"width":1280,"height":960,"url":"https:\/\/www.mobee.de\/wp-content\/uploads\/Landingpage-international-3-1280x960.png","type":"image\/png"}],"twitter_card":"summary_large_image","twitter_misc":{"Estimated reading time":"3 minutes"},"schema":{"@context":"https:\/\/schema.org","@graph":[{"@type":"WebPage","@id":"https:\/\/www.mobee.de\/events\/schulungen\/","url":"https:\/\/www.mobee.de\/mehr-infos\/schulungen\/","name":"Training courses - mobee\u00ae 360","isPartOf":{"@id":"https:\/\/www.mobee.de\/#website"},"datePublished":"2020-10-29T09:15:47+00:00","dateModified":"2026-02-23T13:48:05+00:00","description":"We offer our users numerous training opportunities. They are introduced to working with mobee 360 step by step.","breadcrumb":{"@id":"https:\/\/www.mobee.de\/mehr-infos\/schulungen\/#breadcrumb"},"inLanguage":"en-GB","potentialAction":[{"@type":"ReadAction","target":["https:\/\/www.mobee.de\/mehr-infos\/schulungen\/"]}]},{"@type":"BreadcrumbList","@id":"https:\/\/www.mobee.de\/mehr-infos\/schulungen\/#breadcrumb","itemListElement":[{"@type":"ListItem","position":1,"name":"Startseite","item":"https:\/\/www.mobee.de\/"},{"@type":"ListItem","position":2,"name":"Events","item":"https:\/\/www.mobee.de\/events\/"},{"@type":"ListItem","position":3,"name":"Schulungen"}]},{"@type":"WebSite","@id":"https:\/\/www.mobee.de\/#website","url":"https:\/\/www.mobee.de\/","name":"mobee\u00ae 360 - Smart Data for Health","description":"Smart screenings for sustainable health","publisher":{"@id":"https:\/\/www.mobee.de\/#organization"},"potentialAction":[{"@type":"SearchAction","target":{"@type":"EntryPoint","urlTemplate":"https:\/\/www.mobee.de\/?s={search_term_string}"},"query-input":{"@type":"PropertyValueSpecification","valueRequired":true,"valueName":"search_term_string"}}],"inLanguage":"en-GB"},{"@type":"Organization","@id":"https:\/\/www.mobee.de\/#organization","name":"SportMed S.A.","alternateName":"SportMed SA","url":"https:\/\/www.mobee.de\/","logo":{"@type":"ImageObject","inLanguage":"en-GB","@id":"https:\/\/www.mobee.de\/#\/schema\/logo\/image\/","url":"https:\/\/www.mobee.de\/wp-content\/uploads\/mobee360_2022_weiss_HG_quadratisch.png","contentUrl":"https:\/\/www.mobee.de\/wp-content\/uploads\/mobee360_2022_weiss_HG_quadratisch.png","width":1182,"height":1182,"caption":"SportMed S.A."},"image":{"@id":"https:\/\/www.mobee.de\/#\/schema\/logo\/image\/"},"sameAs":["https:\/\/www.facebook.com\/mobee360\/","https:\/\/www.instagram.com\/mobee_360\/","https:\/\/www.linkedin.com\/company\/mobee360\/","https:\/\/www.youtube.com\/channel\/UCCo4KbDKNvAY7GurF6k4JQQ"]}]}},"_links":{"self":[{"href":"https:\/\/www.mobee.de\/en\/wp-json\/wp\/v2\/pages\/2625","targetHints":{"allow":["GET"]}}],"collection":[{"href":"https:\/\/www.mobee.de\/en\/wp-json\/wp\/v2\/pages"}],"about":[{"href":"https:\/\/www.mobee.de\/en\/wp-json\/wp\/v2\/types\/page"}],"author":[{"embeddable":true,"href":"https:\/\/www.mobee.de\/en\/wp-json\/wp\/v2\/users\/2"}],"replies":[{"embeddable":true,"href":"https:\/\/www.mobee.de\/en\/wp-json\/wp\/v2\/comments?post=2625"}],"version-history":[{"count":3,"href":"https:\/\/www.mobee.de\/en\/wp-json\/wp\/v2\/pages\/2625\/revisions"}],"predecessor-version":[{"id":11644,"href":"https:\/\/www.mobee.de\/en\/wp-json\/wp\/v2\/pages\/2625\/revisions\/11644"}],"up":[{"embeddable":true,"href":"https:\/\/www.mobee.de\/en\/wp-json\/wp\/v2\/pages\/3258"}],"wp:attachment":[{"href":"https:\/\/www.mobee.de\/en\/wp-json\/wp\/v2\/media?parent=2625"}],"curies":[{"name":"wp","href":"https:\/\/api.w.org\/{rel}","templated":true}]}}