{"id":3043,"date":"2021-03-10T16:14:07","date_gmt":"2021-03-10T15:14:07","guid":{"rendered":"https:\/\/www.mobee.de\/?page_id=3043"},"modified":"2026-02-23T14:42:37","modified_gmt":"2026-02-23T13:42:37","slug":"support","status":"publish","type":"page","link":"https:\/\/www.mobee.de\/fr\/hilfe\/support\/","title":{"rendered":"Demande d'assistance"},"content":{"rendered":"","protected":false},"excerpt":{"rendered":"","protected":false},"author":2,"featured_media":0,"parent":3036,"menu_order":0,"comment_status":"closed","ping_status":"closed","template":"","meta":{"_acf_changed":false,"footnotes":""},"class_list":["post-3043","page","type-page","status-publish","hentry"],"acf":[],"yoast_head":"<!-- This site is optimized with the Yoast SEO Premium plugin v27.1 (Yoast SEO v27.3) - https:\/\/yoast.com\/product\/yoast-seo-premium-wordpress\/ -->\n<title>Supportanfrage f\u00fcr Kunden<\/title>\n<meta name=\"description\" content=\"Als mobee\u00ae 360 Kunde k\u00f6nnen Sie hier Ihre Supportanfrage \u00fcbermitteln. Ihr pers\u00f6nlicher Ansprechpartner meldet sich umgehend!\" \/>\n<meta name=\"robots\" content=\"index, follow, max-snippet:-1, max-image-preview:large, max-video-preview:-1\" \/>\n<link rel=\"canonical\" href=\"https:\/\/www.mobee.de\/fr\/support\/\" \/>\n<meta property=\"og:locale\" content=\"fr_FR\" \/>\n<meta property=\"og:type\" content=\"article\" \/>\n<meta property=\"og:title\" content=\"Supportanfrage\" \/>\n<meta property=\"og:description\" content=\"Als mobee\u00ae 360 Kunde k\u00f6nnen Sie hier Ihre Supportanfrage \u00fcbermitteln. Ihr pers\u00f6nlicher Ansprechpartner meldet sich umgehend!\" \/>\n<meta property=\"og:url\" content=\"https:\/\/www.mobee.de\/fr\/support\/\" \/>\n<meta property=\"og:site_name\" content=\"mobee\u00ae 360\" \/>\n<meta property=\"article:publisher\" content=\"https:\/\/www.facebook.com\/mobee360\/\" \/>\n<meta property=\"article:modified_time\" content=\"2026-02-23T13:42:37+00:00\" \/>\n<meta property=\"og:image\" content=\"https:\/\/www.mobee.de\/wp-content\/uploads\/Landingpage-international-3-1280x960.png\" \/>\n\t<meta property=\"og:image:width\" content=\"1280\" \/>\n\t<meta property=\"og:image:height\" content=\"960\" \/>\n\t<meta property=\"og:image:type\" content=\"image\/png\" \/>\n<meta name=\"twitter:card\" content=\"summary_large_image\" \/>\n<meta name=\"twitter:label1\" content=\"Dur\u00e9e de lecture estim\u00e9e\" \/>\n\t<meta name=\"twitter:data1\" content=\"1 minute\" \/>\n<script type=\"application\/ld+json\" class=\"yoast-schema-graph\">{\"@context\":\"https:\\\/\\\/schema.org\",\"@graph\":[{\"@type\":[\"WebPage\",\"ContactPage\"],\"@id\":\"https:\\\/\\\/www.mobee.de\\\/hilfe\\\/support\\\/\",\"url\":\"https:\\\/\\\/www.mobee.de\\\/support\\\/\",\"name\":\"Supportanfrage f\u00fcr Kunden\",\"isPartOf\":{\"@id\":\"https:\\\/\\\/www.mobee.de\\\/#website\"},\"datePublished\":\"2021-03-10T15:14:07+00:00\",\"dateModified\":\"2026-02-23T13:42:37+00:00\",\"description\":\"Als mobee\u00ae 360 Kunde k\u00f6nnen Sie hier Ihre Supportanfrage \u00fcbermitteln. Ihr pers\u00f6nlicher Ansprechpartner meldet sich umgehend!\",\"breadcrumb\":{\"@id\":\"https:\\\/\\\/www.mobee.de\\\/support\\\/#breadcrumb\"},\"inLanguage\":\"fr-FR\",\"potentialAction\":[{\"@type\":\"ReadAction\",\"target\":[\"https:\\\/\\\/www.mobee.de\\\/support\\\/\"]}]},{\"@type\":\"BreadcrumbList\",\"@id\":\"https:\\\/\\\/www.mobee.de\\\/support\\\/#breadcrumb\",\"itemListElement\":[{\"@type\":\"ListItem\",\"position\":1,\"name\":\"Startseite\",\"item\":\"https:\\\/\\\/www.mobee.de\\\/\"},{\"@type\":\"ListItem\",\"position\":2,\"name\":\"Hilfe &amp; Kontakt\",\"item\":\"https:\\\/\\\/www.mobee.de\\\/hilfe\\\/\"},{\"@type\":\"ListItem\",\"position\":3,\"name\":\"Supportanfrage\"}]},{\"@type\":\"WebSite\",\"@id\":\"https:\\\/\\\/www.mobee.de\\\/#website\",\"url\":\"https:\\\/\\\/www.mobee.de\\\/\",\"name\":\"mobee\u00ae 360 - Smart Data for Health\",\"description\":\"smarte Screenings f\u00fcr nachhaltige Gesundheit\",\"publisher\":{\"@id\":\"https:\\\/\\\/www.mobee.de\\\/#organization\"},\"potentialAction\":[{\"@type\":\"SearchAction\",\"target\":{\"@type\":\"EntryPoint\",\"urlTemplate\":\"https:\\\/\\\/www.mobee.de\\\/?s={search_term_string}\"},\"query-input\":{\"@type\":\"PropertyValueSpecification\",\"valueRequired\":true,\"valueName\":\"search_term_string\"}}],\"inLanguage\":\"fr-FR\"},{\"@type\":\"Organization\",\"@id\":\"https:\\\/\\\/www.mobee.de\\\/#organization\",\"name\":\"SportMed S.A.\",\"alternateName\":\"SportMed SA\",\"url\":\"https:\\\/\\\/www.mobee.de\\\/\",\"logo\":{\"@type\":\"ImageObject\",\"inLanguage\":\"fr-FR\",\"@id\":\"https:\\\/\\\/www.mobee.de\\\/#\\\/schema\\\/logo\\\/image\\\/\",\"url\":\"https:\\\/\\\/www.mobee.de\\\/wp-content\\\/uploads\\\/mobee360_2022_weiss_HG_quadratisch.png\",\"contentUrl\":\"https:\\\/\\\/www.mobee.de\\\/wp-content\\\/uploads\\\/mobee360_2022_weiss_HG_quadratisch.png\",\"width\":1182,\"height\":1182,\"caption\":\"SportMed S.A.\"},\"image\":{\"@id\":\"https:\\\/\\\/www.mobee.de\\\/#\\\/schema\\\/logo\\\/image\\\/\"},\"sameAs\":[\"https:\\\/\\\/www.facebook.com\\\/mobee360\\\/\",\"https:\\\/\\\/www.instagram.com\\\/mobee_360\\\/\",\"https:\\\/\\\/www.linkedin.com\\\/company\\\/mobee360\\\/\",\"https:\\\/\\\/www.youtube.com\\\/channel\\\/UCCo4KbDKNvAY7GurF6k4JQQ\"]}]}<\/script>\n<!-- \/ Yoast SEO Premium plugin. -->","yoast_head_json":{"title":"Demande d'assistance pour les clients","description":"En tant que client mobee\u00ae 360, vous pouvez transmettre ici votre demande d'assistance. Votre interlocuteur personnel vous r\u00e9pondra dans les plus brefs d\u00e9lais !","robots":{"index":"index","follow":"follow","max-snippet":"max-snippet:-1","max-image-preview":"max-image-preview:large","max-video-preview":"max-video-preview:-1"},"canonical":"https:\/\/www.mobee.de\/fr\/support\/","og_locale":"fr_FR","og_type":"article","og_title":"Supportanfrage","og_description":"Als mobee\u00ae 360 Kunde k\u00f6nnen Sie hier Ihre Supportanfrage \u00fcbermitteln. Ihr pers\u00f6nlicher Ansprechpartner meldet sich umgehend!","og_url":"https:\/\/www.mobee.de\/fr\/support\/","og_site_name":"mobee\u00ae 360","article_publisher":"https:\/\/www.facebook.com\/mobee360\/","article_modified_time":"2026-02-23T13:42:37+00:00","og_image":[{"width":1280,"height":960,"url":"https:\/\/www.mobee.de\/wp-content\/uploads\/Landingpage-international-3-1280x960.png","type":"image\/png"}],"twitter_card":"summary_large_image","twitter_misc":{"Dur\u00e9e de lecture estim\u00e9e":"1 minute"},"schema":{"@context":"https:\/\/schema.org","@graph":[{"@type":["WebPage","ContactPage"],"@id":"https:\/\/www.mobee.de\/hilfe\/support\/","url":"https:\/\/www.mobee.de\/support\/","name":"Demande d'assistance pour les clients","isPartOf":{"@id":"https:\/\/www.mobee.de\/#website"},"datePublished":"2021-03-10T15:14:07+00:00","dateModified":"2026-02-23T13:42:37+00:00","description":"En tant que client mobee\u00ae 360, vous pouvez transmettre ici votre demande d'assistance. Votre interlocuteur personnel vous r\u00e9pondra dans les plus brefs d\u00e9lais !","breadcrumb":{"@id":"https:\/\/www.mobee.de\/support\/#breadcrumb"},"inLanguage":"fr-FR","potentialAction":[{"@type":"ReadAction","target":["https:\/\/www.mobee.de\/support\/"]}]},{"@type":"BreadcrumbList","@id":"https:\/\/www.mobee.de\/support\/#breadcrumb","itemListElement":[{"@type":"ListItem","position":1,"name":"Startseite","item":"https:\/\/www.mobee.de\/"},{"@type":"ListItem","position":2,"name":"Hilfe &amp; Kontakt","item":"https:\/\/www.mobee.de\/hilfe\/"},{"@type":"ListItem","position":3,"name":"Supportanfrage"}]},{"@type":"WebSite","@id":"https:\/\/www.mobee.de\/#website","url":"https:\/\/www.mobee.de\/","name":"mobee\u00ae 360 - Donn\u00e9es intelligentes pour la sant\u00e9","description":"d\u00e9pistages intelligents pour une sant\u00e9 durable","publisher":{"@id":"https:\/\/www.mobee.de\/#organization"},"potentialAction":[{"@type":"SearchAction","target":{"@type":"EntryPoint","urlTemplate":"https:\/\/www.mobee.de\/?s={search_term_string}"},"query-input":{"@type":"PropertyValueSpecification","valueRequired":true,"valueName":"search_term_string"}}],"inLanguage":"fr-FR"},{"@type":"Organization","@id":"https:\/\/www.mobee.de\/#organization","name":"SportMed S.A.","alternateName":"SportMed SA","url":"https:\/\/www.mobee.de\/","logo":{"@type":"ImageObject","inLanguage":"fr-FR","@id":"https:\/\/www.mobee.de\/#\/schema\/logo\/image\/","url":"https:\/\/www.mobee.de\/wp-content\/uploads\/mobee360_2022_weiss_HG_quadratisch.png","contentUrl":"https:\/\/www.mobee.de\/wp-content\/uploads\/mobee360_2022_weiss_HG_quadratisch.png","width":1182,"height":1182,"caption":"SportMed S.A."},"image":{"@id":"https:\/\/www.mobee.de\/#\/schema\/logo\/image\/"},"sameAs":["https:\/\/www.facebook.com\/mobee360\/","https:\/\/www.instagram.com\/mobee_360\/","https:\/\/www.linkedin.com\/company\/mobee360\/","https:\/\/www.youtube.com\/channel\/UCCo4KbDKNvAY7GurF6k4JQQ"]}]}},"_links":{"self":[{"href":"https:\/\/www.mobee.de\/fr\/wp-json\/wp\/v2\/pages\/3043","targetHints":{"allow":["GET"]}}],"collection":[{"href":"https:\/\/www.mobee.de\/fr\/wp-json\/wp\/v2\/pages"}],"about":[{"href":"https:\/\/www.mobee.de\/fr\/wp-json\/wp\/v2\/types\/page"}],"author":[{"embeddable":true,"href":"https:\/\/www.mobee.de\/fr\/wp-json\/wp\/v2\/users\/2"}],"replies":[{"embeddable":true,"href":"https:\/\/www.mobee.de\/fr\/wp-json\/wp\/v2\/comments?post=3043"}],"version-history":[{"count":3,"href":"https:\/\/www.mobee.de\/fr\/wp-json\/wp\/v2\/pages\/3043\/revisions"}],"predecessor-version":[{"id":11444,"href":"https:\/\/www.mobee.de\/fr\/wp-json\/wp\/v2\/pages\/3043\/revisions\/11444"}],"up":[{"embeddable":true,"href":"https:\/\/www.mobee.de\/fr\/wp-json\/wp\/v2\/pages\/3036"}],"wp:attachment":[{"href":"https:\/\/www.mobee.de\/fr\/wp-json\/wp\/v2\/media?parent=3043"}],"curies":[{"name":"wp","href":"https:\/\/api.w.org\/{rel}","templated":true}]}}