{"id":5470,"date":"2023-01-20T09:28:47","date_gmt":"2023-01-20T08:28:47","guid":{"rendered":"https:\/\/www.mobee.de\/?page_id=5470"},"modified":"2026-03-16T09:02:07","modified_gmt":"2026-03-16T08:02:07","slug":"mobee-metabolic","status":"publish","type":"page","link":"https:\/\/www.mobee.de\/fr\/produkte\/mobee-metabolic\/","title":{"rendered":"mobee metabolic"},"content":{"rendered":"","protected":false},"excerpt":{"rendered":"","protected":false},"author":2,"featured_media":0,"parent":50,"menu_order":0,"comment_status":"closed","ping_status":"closed","template":"","meta":{"_acf_changed":false,"footnotes":""},"class_list":["post-5470","page","type-page","status-publish","hentry"],"acf":[],"yoast_head":"<!-- This site is optimized with the Yoast SEO Premium plugin v27.1 (Yoast SEO v27.3) - https:\/\/yoast.com\/product\/yoast-seo-premium-wordpress\/ -->\n<title>Stoffwechselanalyse | mobee\u00ae metabolic<\/title>\n<meta name=\"description\" content=\"Individuellen Grundumsatz und Energieverbrauch messen. Basiert auf indirekter Kalorimetrie und liefert Einblicke f\u00fcr Training, Ern\u00e4hrung, Pr\u00e4vention.\" \/>\n<meta name=\"robots\" content=\"index, follow, max-snippet:-1, max-image-preview:large, max-video-preview:-1\" \/>\n<link rel=\"canonical\" href=\"https:\/\/www.mobee.de\/fr\/produits\/mobee-metabolic\/\" \/>\n<meta property=\"og:locale\" content=\"fr_FR\" \/>\n<meta property=\"og:type\" content=\"article\" \/>\n<meta property=\"og:title\" content=\"mobee metabolic\" \/>\n<meta property=\"og:description\" content=\"Individuellen Grundumsatz und Energieverbrauch messen. Basiert auf indirekter Kalorimetrie und liefert Einblicke f\u00fcr Training, Ern\u00e4hrung, Pr\u00e4vention.\" \/>\n<meta property=\"og:url\" content=\"https:\/\/www.mobee.de\/fr\/produits\/mobee-metabolic\/\" \/>\n<meta property=\"og:site_name\" content=\"mobee\u00ae 360\" \/>\n<meta property=\"article:publisher\" content=\"https:\/\/www.facebook.com\/mobee360\/\" \/>\n<meta property=\"article:modified_time\" content=\"2026-03-16T08:02:07+00:00\" \/>\n<meta property=\"og:image\" content=\"https:\/\/www.mobee.de\/wp-content\/uploads\/mobee-metabolic_PE-0624879_1766x1179.jpg\" \/>\n\t<meta property=\"og:image:width\" content=\"1766\" \/>\n\t<meta property=\"og:image:height\" content=\"1179\" \/>\n\t<meta property=\"og:image:type\" content=\"image\/jpeg\" \/>\n<meta name=\"twitter:card\" content=\"summary_large_image\" \/>\n<meta name=\"twitter:label1\" content=\"Dur\u00e9e de lecture estim\u00e9e\" \/>\n\t<meta name=\"twitter:data1\" content=\"5 minutes\" \/>\n<script type=\"application\/ld+json\" class=\"yoast-schema-graph\">{\"@context\":\"https:\\\/\\\/schema.org\",\"@graph\":[{\"@type\":\"WebPage\",\"@id\":\"https:\\\/\\\/www.mobee.de\\\/produkte\\\/mobee-metabolic\\\/\",\"url\":\"https:\\\/\\\/www.mobee.de\\\/produkte\\\/mobee-metabolic\\\/\",\"name\":\"Stoffwechselanalyse | mobee\u00ae metabolic\",\"isPartOf\":{\"@id\":\"https:\\\/\\\/www.mobee.de\\\/#website\"},\"datePublished\":\"2023-01-20T08:28:47+00:00\",\"dateModified\":\"2026-03-16T08:02:07+00:00\",\"description\":\"Individuellen Grundumsatz und Energieverbrauch messen. Basiert auf indirekter Kalorimetrie und liefert Einblicke f\u00fcr Training, Ern\u00e4hrung, Pr\u00e4vention.\",\"breadcrumb\":{\"@id\":\"https:\\\/\\\/www.mobee.de\\\/produkte\\\/mobee-metabolic\\\/#breadcrumb\"},\"inLanguage\":\"fr-FR\",\"potentialAction\":[{\"@type\":\"ReadAction\",\"target\":[\"https:\\\/\\\/www.mobee.de\\\/produkte\\\/mobee-metabolic\\\/\"]}]},{\"@type\":\"BreadcrumbList\",\"@id\":\"https:\\\/\\\/www.mobee.de\\\/produkte\\\/mobee-metabolic\\\/#breadcrumb\",\"itemListElement\":[{\"@type\":\"ListItem\",\"position\":1,\"name\":\"Startseite\",\"item\":\"https:\\\/\\\/www.mobee.de\\\/\"},{\"@type\":\"ListItem\",\"position\":2,\"name\":\"Produkte\",\"item\":\"https:\\\/\\\/www.mobee.de\\\/?page_id=50\"},{\"@type\":\"ListItem\",\"position\":3,\"name\":\"mobee metabolic\"}]},{\"@type\":\"WebSite\",\"@id\":\"https:\\\/\\\/www.mobee.de\\\/#website\",\"url\":\"https:\\\/\\\/www.mobee.de\\\/\",\"name\":\"mobee\u00ae 360 - Smart Data for Health\",\"description\":\"smarte Screenings f\u00fcr nachhaltige Gesundheit\",\"publisher\":{\"@id\":\"https:\\\/\\\/www.mobee.de\\\/#organization\"},\"potentialAction\":[{\"@type\":\"SearchAction\",\"target\":{\"@type\":\"EntryPoint\",\"urlTemplate\":\"https:\\\/\\\/www.mobee.de\\\/?s={search_term_string}\"},\"query-input\":{\"@type\":\"PropertyValueSpecification\",\"valueRequired\":true,\"valueName\":\"search_term_string\"}}],\"inLanguage\":\"fr-FR\"},{\"@type\":\"Organization\",\"@id\":\"https:\\\/\\\/www.mobee.de\\\/#organization\",\"name\":\"SportMed S.A.\",\"alternateName\":\"SportMed SA\",\"url\":\"https:\\\/\\\/www.mobee.de\\\/\",\"logo\":{\"@type\":\"ImageObject\",\"inLanguage\":\"fr-FR\",\"@id\":\"https:\\\/\\\/www.mobee.de\\\/#\\\/schema\\\/logo\\\/image\\\/\",\"url\":\"https:\\\/\\\/www.mobee.de\\\/wp-content\\\/uploads\\\/mobee360_2022_weiss_HG_quadratisch.png\",\"contentUrl\":\"https:\\\/\\\/www.mobee.de\\\/wp-content\\\/uploads\\\/mobee360_2022_weiss_HG_quadratisch.png\",\"width\":1182,\"height\":1182,\"caption\":\"SportMed S.A.\"},\"image\":{\"@id\":\"https:\\\/\\\/www.mobee.de\\\/#\\\/schema\\\/logo\\\/image\\\/\"},\"sameAs\":[\"https:\\\/\\\/www.facebook.com\\\/mobee360\\\/\",\"https:\\\/\\\/www.instagram.com\\\/mobee_360\\\/\",\"https:\\\/\\\/www.linkedin.com\\\/company\\\/mobee360\\\/\",\"https:\\\/\\\/www.youtube.com\\\/channel\\\/UCCo4KbDKNvAY7GurF6k4JQQ\"]}]}<\/script>\n<!-- \/ Yoast SEO Premium plugin. -->","yoast_head_json":{"title":"Analyse du m\u00e9tabolisme | mobee\u00ae metabolic","description":"Mesure le m\u00e9tabolisme de base individuel et la d\u00e9pense \u00e9nerg\u00e9tique. Bas\u00e9 sur la calorim\u00e9trie indirecte, il fournit des informations pour l'entra\u00eenement, la nutrition et la pr\u00e9vention.","robots":{"index":"index","follow":"follow","max-snippet":"max-snippet:-1","max-image-preview":"max-image-preview:large","max-video-preview":"max-video-preview:-1"},"canonical":"https:\/\/www.mobee.de\/fr\/produits\/mobee-metabolic\/","og_locale":"fr_FR","og_type":"article","og_title":"mobee metabolic","og_description":"Individuellen Grundumsatz und Energieverbrauch messen. Basiert auf indirekter Kalorimetrie und liefert Einblicke f\u00fcr Training, Ern\u00e4hrung, Pr\u00e4vention.","og_url":"https:\/\/www.mobee.de\/fr\/produits\/mobee-metabolic\/","og_site_name":"mobee\u00ae 360","article_publisher":"https:\/\/www.facebook.com\/mobee360\/","article_modified_time":"2026-03-16T08:02:07+00:00","og_image":[{"width":1766,"height":1179,"url":"https:\/\/www.mobee.de\/wp-content\/uploads\/mobee-metabolic_PE-0624879_1766x1179.jpg","type":"image\/jpeg"}],"twitter_card":"summary_large_image","twitter_misc":{"Dur\u00e9e de lecture estim\u00e9e":"5 minutes"},"schema":{"@context":"https:\/\/schema.org","@graph":[{"@type":"WebPage","@id":"https:\/\/www.mobee.de\/produkte\/mobee-metabolic\/","url":"https:\/\/www.mobee.de\/produkte\/mobee-metabolic\/","name":"Analyse du m\u00e9tabolisme | mobee\u00ae metabolic","isPartOf":{"@id":"https:\/\/www.mobee.de\/#website"},"datePublished":"2023-01-20T08:28:47+00:00","dateModified":"2026-03-16T08:02:07+00:00","description":"Mesure le m\u00e9tabolisme de base individuel et la d\u00e9pense \u00e9nerg\u00e9tique. Bas\u00e9 sur la calorim\u00e9trie indirecte, il fournit des informations pour l'entra\u00eenement, la nutrition et la pr\u00e9vention.","breadcrumb":{"@id":"https:\/\/www.mobee.de\/produkte\/mobee-metabolic\/#breadcrumb"},"inLanguage":"fr-FR","potentialAction":[{"@type":"ReadAction","target":["https:\/\/www.mobee.de\/produkte\/mobee-metabolic\/"]}]},{"@type":"BreadcrumbList","@id":"https:\/\/www.mobee.de\/produkte\/mobee-metabolic\/#breadcrumb","itemListElement":[{"@type":"ListItem","position":1,"name":"Startseite","item":"https:\/\/www.mobee.de\/"},{"@type":"ListItem","position":2,"name":"Produkte","item":"https:\/\/www.mobee.de\/?page_id=50"},{"@type":"ListItem","position":3,"name":"mobee metabolic"}]},{"@type":"WebSite","@id":"https:\/\/www.mobee.de\/#website","url":"https:\/\/www.mobee.de\/","name":"mobee\u00ae 360 - Donn\u00e9es intelligentes pour la sant\u00e9","description":"d\u00e9pistages intelligents pour une sant\u00e9 durable","publisher":{"@id":"https:\/\/www.mobee.de\/#organization"},"potentialAction":[{"@type":"SearchAction","target":{"@type":"EntryPoint","urlTemplate":"https:\/\/www.mobee.de\/?s={search_term_string}"},"query-input":{"@type":"PropertyValueSpecification","valueRequired":true,"valueName":"search_term_string"}}],"inLanguage":"fr-FR"},{"@type":"Organization","@id":"https:\/\/www.mobee.de\/#organization","name":"SportMed S.A.","alternateName":"SportMed SA","url":"https:\/\/www.mobee.de\/","logo":{"@type":"ImageObject","inLanguage":"fr-FR","@id":"https:\/\/www.mobee.de\/#\/schema\/logo\/image\/","url":"https:\/\/www.mobee.de\/wp-content\/uploads\/mobee360_2022_weiss_HG_quadratisch.png","contentUrl":"https:\/\/www.mobee.de\/wp-content\/uploads\/mobee360_2022_weiss_HG_quadratisch.png","width":1182,"height":1182,"caption":"SportMed S.A."},"image":{"@id":"https:\/\/www.mobee.de\/#\/schema\/logo\/image\/"},"sameAs":["https:\/\/www.facebook.com\/mobee360\/","https:\/\/www.instagram.com\/mobee_360\/","https:\/\/www.linkedin.com\/company\/mobee360\/","https:\/\/www.youtube.com\/channel\/UCCo4KbDKNvAY7GurF6k4JQQ"]}]}},"_links":{"self":[{"href":"https:\/\/www.mobee.de\/fr\/wp-json\/wp\/v2\/pages\/5470","targetHints":{"allow":["GET"]}}],"collection":[{"href":"https:\/\/www.mobee.de\/fr\/wp-json\/wp\/v2\/pages"}],"about":[{"href":"https:\/\/www.mobee.de\/fr\/wp-json\/wp\/v2\/types\/page"}],"author":[{"embeddable":true,"href":"https:\/\/www.mobee.de\/fr\/wp-json\/wp\/v2\/users\/2"}],"replies":[{"embeddable":true,"href":"https:\/\/www.mobee.de\/fr\/wp-json\/wp\/v2\/comments?post=5470"}],"version-history":[{"count":3,"href":"https:\/\/www.mobee.de\/fr\/wp-json\/wp\/v2\/pages\/5470\/revisions"}],"predecessor-version":[{"id":11929,"href":"https:\/\/www.mobee.de\/fr\/wp-json\/wp\/v2\/pages\/5470\/revisions\/11929"}],"up":[{"embeddable":true,"href":"https:\/\/www.mobee.de\/fr\/wp-json\/wp\/v2\/pages\/50"}],"wp:attachment":[{"href":"https:\/\/www.mobee.de\/fr\/wp-json\/wp\/v2\/media?parent=5470"}],"curies":[{"name":"wp","href":"https:\/\/api.w.org\/{rel}","templated":true}]}}