{"id":58,"date":"2018-03-27T13:38:39","date_gmt":"2018-03-27T11:38:39","guid":{"rendered":"http:\/\/www.mo-bee.de\/?page_id=58"},"modified":"2026-03-16T08:20:18","modified_gmt":"2026-03-16T07:20:18","slug":"mobee-spine","status":"publish","type":"page","link":"https:\/\/www.mobee.de\/fr\/produkte\/mobee-spine\/","title":{"rendered":"mobee spine"},"content":{"rendered":"","protected":false},"excerpt":{"rendered":"","protected":false},"author":1,"featured_media":0,"parent":50,"menu_order":0,"comment_status":"closed","ping_status":"closed","template":"","meta":{"_acf_changed":false,"footnotes":""},"class_list":["post-58","page","type-page","status-publish","hentry"],"acf":[],"yoast_head":"<!-- This site is optimized with the Yoast SEO Premium plugin v27.1 (Yoast SEO v27.3) - https:\/\/yoast.com\/product\/yoast-seo-premium-wordpress\/ -->\n<title>Wirbels\u00e4ulenanalyse und R\u00fcckenscreening mit mobee\u00ae spine<\/title>\n<meta name=\"description\" content=\"Pr\u00e4zise Wirbels\u00e4ulenanalyse f\u00fcr Pr\u00e4vention und Gesundheitsprogramme. mobee\u00ae spine visualisiert Haltung und R\u00fcckenfunktion verst\u00e4ndlich.\" \/>\n<meta name=\"robots\" content=\"index, follow, max-snippet:-1, max-image-preview:large, max-video-preview:-1\" \/>\n<link rel=\"canonical\" href=\"https:\/\/www.mobee.de\/fr\/produits\/mobee-spine\/\" \/>\n<meta property=\"og:locale\" content=\"fr_FR\" \/>\n<meta property=\"og:type\" content=\"article\" \/>\n<meta property=\"og:title\" content=\"mobee spine\" \/>\n<meta property=\"og:description\" content=\"Pr\u00e4zise Wirbels\u00e4ulenanalyse f\u00fcr Pr\u00e4vention und Gesundheitsprogramme. mobee\u00ae spine visualisiert Haltung und R\u00fcckenfunktion verst\u00e4ndlich.\" \/>\n<meta property=\"og:url\" content=\"https:\/\/www.mobee.de\/fr\/produits\/mobee-spine\/\" \/>\n<meta property=\"og:site_name\" content=\"mobee\u00ae 360\" \/>\n<meta property=\"article:publisher\" content=\"https:\/\/www.facebook.com\/mobee360\/\" \/>\n<meta property=\"article:modified_time\" content=\"2026-03-16T07:20:18+00:00\" \/>\n<meta property=\"og:image\" content=\"https:\/\/www.mobee.de\/wp-content\/uploads\/mobee-spine_PE-0014729_1766x1179.jpg\" \/>\n\t<meta property=\"og:image:width\" content=\"1766\" \/>\n\t<meta property=\"og:image:height\" content=\"1179\" \/>\n\t<meta property=\"og:image:type\" content=\"image\/jpeg\" \/>\n<meta name=\"twitter:card\" content=\"summary_large_image\" \/>\n<meta name=\"twitter:label1\" content=\"Dur\u00e9e de lecture estim\u00e9e\" \/>\n\t<meta name=\"twitter:data1\" content=\"4 minutes\" \/>\n<script type=\"application\/ld+json\" class=\"yoast-schema-graph\">{\"@context\":\"https:\\\/\\\/schema.org\",\"@graph\":[{\"@type\":\"WebPage\",\"@id\":\"https:\\\/\\\/www.mobee.de\\\/produkte\\\/mobee-spine\\\/\",\"url\":\"https:\\\/\\\/www.mobee.de\\\/produkte\\\/mobee-spine\\\/\",\"name\":\"Wirbels\u00e4ulenanalyse und R\u00fcckenscreening mit mobee\u00ae spine\",\"isPartOf\":{\"@id\":\"https:\\\/\\\/www.mobee.de\\\/#website\"},\"datePublished\":\"2018-03-27T11:38:39+00:00\",\"dateModified\":\"2026-03-16T07:20:18+00:00\",\"description\":\"Pr\u00e4zise Wirbels\u00e4ulenanalyse f\u00fcr Pr\u00e4vention und Gesundheitsprogramme. mobee\u00ae spine visualisiert Haltung und R\u00fcckenfunktion verst\u00e4ndlich.\",\"breadcrumb\":{\"@id\":\"https:\\\/\\\/www.mobee.de\\\/produkte\\\/mobee-spine\\\/#breadcrumb\"},\"inLanguage\":\"fr-FR\",\"potentialAction\":[{\"@type\":\"ReadAction\",\"target\":[\"https:\\\/\\\/www.mobee.de\\\/produkte\\\/mobee-spine\\\/\"]}]},{\"@type\":\"BreadcrumbList\",\"@id\":\"https:\\\/\\\/www.mobee.de\\\/produkte\\\/mobee-spine\\\/#breadcrumb\",\"itemListElement\":[{\"@type\":\"ListItem\",\"position\":1,\"name\":\"Startseite\",\"item\":\"https:\\\/\\\/www.mobee.de\\\/\"},{\"@type\":\"ListItem\",\"position\":2,\"name\":\"Produkte\",\"item\":\"https:\\\/\\\/www.mobee.de\\\/?page_id=50\"},{\"@type\":\"ListItem\",\"position\":3,\"name\":\"mobee spine\"}]},{\"@type\":\"WebSite\",\"@id\":\"https:\\\/\\\/www.mobee.de\\\/#website\",\"url\":\"https:\\\/\\\/www.mobee.de\\\/\",\"name\":\"mobee\u00ae 360 - Smart Data for Health\",\"description\":\"smarte Screenings f\u00fcr nachhaltige Gesundheit\",\"publisher\":{\"@id\":\"https:\\\/\\\/www.mobee.de\\\/#organization\"},\"potentialAction\":[{\"@type\":\"SearchAction\",\"target\":{\"@type\":\"EntryPoint\",\"urlTemplate\":\"https:\\\/\\\/www.mobee.de\\\/?s={search_term_string}\"},\"query-input\":{\"@type\":\"PropertyValueSpecification\",\"valueRequired\":true,\"valueName\":\"search_term_string\"}}],\"inLanguage\":\"fr-FR\"},{\"@type\":\"Organization\",\"@id\":\"https:\\\/\\\/www.mobee.de\\\/#organization\",\"name\":\"SportMed S.A.\",\"alternateName\":\"SportMed SA\",\"url\":\"https:\\\/\\\/www.mobee.de\\\/\",\"logo\":{\"@type\":\"ImageObject\",\"inLanguage\":\"fr-FR\",\"@id\":\"https:\\\/\\\/www.mobee.de\\\/#\\\/schema\\\/logo\\\/image\\\/\",\"url\":\"https:\\\/\\\/www.mobee.de\\\/wp-content\\\/uploads\\\/mobee360_2022_weiss_HG_quadratisch.png\",\"contentUrl\":\"https:\\\/\\\/www.mobee.de\\\/wp-content\\\/uploads\\\/mobee360_2022_weiss_HG_quadratisch.png\",\"width\":1182,\"height\":1182,\"caption\":\"SportMed S.A.\"},\"image\":{\"@id\":\"https:\\\/\\\/www.mobee.de\\\/#\\\/schema\\\/logo\\\/image\\\/\"},\"sameAs\":[\"https:\\\/\\\/www.facebook.com\\\/mobee360\\\/\",\"https:\\\/\\\/www.instagram.com\\\/mobee_360\\\/\",\"https:\\\/\\\/www.linkedin.com\\\/company\\\/mobee360\\\/\",\"https:\\\/\\\/www.youtube.com\\\/channel\\\/UCCo4KbDKNvAY7GurF6k4JQQ\"]}]}<\/script>\n<!-- \/ Yoast SEO Premium plugin. -->","yoast_head_json":{"title":"Analyse de la colonne vert\u00e9brale et d\u00e9pistage du dos avec mobee\u00ae spine","description":"Analyse pr\u00e9cise de la colonne vert\u00e9brale pour la pr\u00e9vention et les programmes de sant\u00e9. mobee\u00ae spine visualise la posture et le fonctionnement du dos de mani\u00e8re compr\u00e9hensible.","robots":{"index":"index","follow":"follow","max-snippet":"max-snippet:-1","max-image-preview":"max-image-preview:large","max-video-preview":"max-video-preview:-1"},"canonical":"https:\/\/www.mobee.de\/fr\/produits\/mobee-spine\/","og_locale":"fr_FR","og_type":"article","og_title":"mobee spine","og_description":"Pr\u00e4zise Wirbels\u00e4ulenanalyse f\u00fcr Pr\u00e4vention und Gesundheitsprogramme. mobee\u00ae spine visualisiert Haltung und R\u00fcckenfunktion verst\u00e4ndlich.","og_url":"https:\/\/www.mobee.de\/fr\/produits\/mobee-spine\/","og_site_name":"mobee\u00ae 360","article_publisher":"https:\/\/www.facebook.com\/mobee360\/","article_modified_time":"2026-03-16T07:20:18+00:00","og_image":[{"width":1766,"height":1179,"url":"https:\/\/www.mobee.de\/wp-content\/uploads\/mobee-spine_PE-0014729_1766x1179.jpg","type":"image\/jpeg"}],"twitter_card":"summary_large_image","twitter_misc":{"Dur\u00e9e de lecture estim\u00e9e":"4 minutes"},"schema":{"@context":"https:\/\/schema.org","@graph":[{"@type":"WebPage","@id":"https:\/\/www.mobee.de\/produkte\/mobee-spine\/","url":"https:\/\/www.mobee.de\/produkte\/mobee-spine\/","name":"Analyse de la colonne vert\u00e9brale et d\u00e9pistage du dos avec mobee\u00ae spine","isPartOf":{"@id":"https:\/\/www.mobee.de\/#website"},"datePublished":"2018-03-27T11:38:39+00:00","dateModified":"2026-03-16T07:20:18+00:00","description":"Analyse pr\u00e9cise de la colonne vert\u00e9brale pour la pr\u00e9vention et les programmes de sant\u00e9. mobee\u00ae spine visualise la posture et le fonctionnement du dos de mani\u00e8re compr\u00e9hensible.","breadcrumb":{"@id":"https:\/\/www.mobee.de\/produkte\/mobee-spine\/#breadcrumb"},"inLanguage":"fr-FR","potentialAction":[{"@type":"ReadAction","target":["https:\/\/www.mobee.de\/produkte\/mobee-spine\/"]}]},{"@type":"BreadcrumbList","@id":"https:\/\/www.mobee.de\/produkte\/mobee-spine\/#breadcrumb","itemListElement":[{"@type":"ListItem","position":1,"name":"Startseite","item":"https:\/\/www.mobee.de\/"},{"@type":"ListItem","position":2,"name":"Produkte","item":"https:\/\/www.mobee.de\/?page_id=50"},{"@type":"ListItem","position":3,"name":"mobee spine"}]},{"@type":"WebSite","@id":"https:\/\/www.mobee.de\/#website","url":"https:\/\/www.mobee.de\/","name":"mobee\u00ae 360 - Donn\u00e9es intelligentes pour la sant\u00e9","description":"d\u00e9pistages intelligents pour une sant\u00e9 durable","publisher":{"@id":"https:\/\/www.mobee.de\/#organization"},"potentialAction":[{"@type":"SearchAction","target":{"@type":"EntryPoint","urlTemplate":"https:\/\/www.mobee.de\/?s={search_term_string}"},"query-input":{"@type":"PropertyValueSpecification","valueRequired":true,"valueName":"search_term_string"}}],"inLanguage":"fr-FR"},{"@type":"Organization","@id":"https:\/\/www.mobee.de\/#organization","name":"SportMed S.A.","alternateName":"SportMed SA","url":"https:\/\/www.mobee.de\/","logo":{"@type":"ImageObject","inLanguage":"fr-FR","@id":"https:\/\/www.mobee.de\/#\/schema\/logo\/image\/","url":"https:\/\/www.mobee.de\/wp-content\/uploads\/mobee360_2022_weiss_HG_quadratisch.png","contentUrl":"https:\/\/www.mobee.de\/wp-content\/uploads\/mobee360_2022_weiss_HG_quadratisch.png","width":1182,"height":1182,"caption":"SportMed S.A."},"image":{"@id":"https:\/\/www.mobee.de\/#\/schema\/logo\/image\/"},"sameAs":["https:\/\/www.facebook.com\/mobee360\/","https:\/\/www.instagram.com\/mobee_360\/","https:\/\/www.linkedin.com\/company\/mobee360\/","https:\/\/www.youtube.com\/channel\/UCCo4KbDKNvAY7GurF6k4JQQ"]}]}},"_links":{"self":[{"href":"https:\/\/www.mobee.de\/fr\/wp-json\/wp\/v2\/pages\/58","targetHints":{"allow":["GET"]}}],"collection":[{"href":"https:\/\/www.mobee.de\/fr\/wp-json\/wp\/v2\/pages"}],"about":[{"href":"https:\/\/www.mobee.de\/fr\/wp-json\/wp\/v2\/types\/page"}],"author":[{"embeddable":true,"href":"https:\/\/www.mobee.de\/fr\/wp-json\/wp\/v2\/users\/1"}],"replies":[{"embeddable":true,"href":"https:\/\/www.mobee.de\/fr\/wp-json\/wp\/v2\/comments?post=58"}],"version-history":[{"count":2,"href":"https:\/\/www.mobee.de\/fr\/wp-json\/wp\/v2\/pages\/58\/revisions"}],"predecessor-version":[{"id":11925,"href":"https:\/\/www.mobee.de\/fr\/wp-json\/wp\/v2\/pages\/58\/revisions\/11925"}],"up":[{"embeddable":true,"href":"https:\/\/www.mobee.de\/fr\/wp-json\/wp\/v2\/pages\/50"}],"wp:attachment":[{"href":"https:\/\/www.mobee.de\/fr\/wp-json\/wp\/v2\/media?parent=58"}],"curies":[{"name":"wp","href":"https:\/\/api.w.org\/{rel}","templated":true}]}}